{"id":1089,"date":"2024-02-27T16:58:37","date_gmt":"2024-02-27T16:58:37","guid":{"rendered":"https:\/\/cursomusicabenicassim.eu\/?page_id=1089"},"modified":"2024-02-27T17:29:15","modified_gmt":"2024-02-27T17:29:15","slug":"sergio-llorente","status":"publish","type":"page","link":"https:\/\/cursomusicabenicassim.eu\/en\/profesorado\/sergio-llorente\/","title":{"rendered":"Sergio Llorente"},"content":{"rendered":"\r\n<div class=\"wp-block-media-text alignwide is-stacked-on-mobile is-vertically-aligned-top\" style=\"grid-template-columns: 23% auto;\">\r\n<figure class=\"wp-block-media-text__media\"><img loading=\"lazy\" decoding=\"async\" width=\"1024\" height=\"683\" class=\"wp-image-1084 size-large\" src=\"https:\/\/cursomusicabenicassim.eu\/wp-content\/uploads\/2024\/02\/FixedPNG-1024x683.png\" alt=\"\" srcset=\"https:\/\/cursomusicabenicassim.eu\/wp-content\/uploads\/2024\/02\/FixedPNG-1024x683.png 1024w, https:\/\/cursomusicabenicassim.eu\/wp-content\/uploads\/2024\/02\/FixedPNG-300x200.png 300w, https:\/\/cursomusicabenicassim.eu\/wp-content\/uploads\/2024\/02\/FixedPNG-768x512.png 768w, https:\/\/cursomusicabenicassim.eu\/wp-content\/uploads\/2024\/02\/FixedPNG-1536x1024.png 1536w, https:\/\/cursomusicabenicassim.eu\/wp-content\/uploads\/2024\/02\/FixedPNG.png 1944w\" sizes=\"auto, (max-width: 1024px) 100vw, 1024px\" \/><\/figure>\r\n<div class=\"wp-block-media-text__content\">\r\n\r\n\r\n\r\n<strong>Sergio Llorente<\/strong> was born in Madrid and currently based in Bergen, Norway. He begins his musical education with Nuria Felix at Conservatory of Guadalajara &#8220;Sebastian Dur\u00f3n&#8221;, and finishes with Alfredo Garc\u00eda at Conservatory &#8220;Amaniel&#8221; (Madrid). He completed his Bachelor and Master studies in the class of Mari Tampere-Bezrodny, being awarded two times Summa Cum Laude and obtaining Results-based scholarship in 2018.\r\n\r\n\r\n\r\n\r\n\r\nHe has expanded his musical education in courses such as Aldebar\u00e1n (Spain), San Esteban de Gormaz (Spain), Sierra Academy of Music (California, USA), eight editions of the Intl. Music Course of Benic\u00e0ssim (Spain), Musical Summer Intl. Festival (Spain), Kuressaare Summer Academy (Estonia) and in the Loutraki Intl. Music Festival (Greece).\r\n\r\n\r\n\r\n\r\n\r\nHe has received master classes from Mari Tampere-Bezrodny, M. Pogosyan, Alexander Vinitsky, Natalia Lomeiko, Peeter Laul, Bruno Vidal, Ana Comesa\u00f1a, Aurelius Goli\u0144ski, E. C. Sch\u00f6nweiss, Ana Laukhina, Rebecca Hang, Lina Bahn, Emma Noel Votapek, and Alfredo Garc\u00eda.\r\n\r\n\r\n\r\n\r\n\r\nHe has great interest in pedagogical activities, and has experience teaching both violin and music theory since 2015. Also, he did pedagogical assistance for the violin section at Cantare Projekt in Heidelberg and Mannheim, Germany.\r\n\r\n\r\n\r\n\r\n\r\nIn chamber music, he developed his studies under the tuition of Prof. Marje Lohuaru. He has wide experience working and performing in many different ensembles; duos, trios, string quartets, piano quartets, and piano quintets. He was awarded second prize in the II EAMT Piano Chamber Music Competition, and in this field, he received master classes from Dr. Evan Rothstein, Audun Sandvik, Pierre Doumenge, Peter Laul, Lea Leiten, Nokuthula Ngwenyama, K. Sellheim, and K. Jankowska-Borzykowska among others. He is a member of BOREAS ensemble.\r\n\r\n\r\n\r\n\r\n\r\nIn orchestra, he has collaborated with Tallinn International Youth Orchestra (TIYO), Meraki Orchestra, P\u00e4rnu City Orchestra (PLO), Southern-Estonia Orchestra, Estonian National Symphony Orchestra (ERSO), Bergen Chamber Orchestra (BKO), and Bergen Philharmonic Orchestra (BFO). He holds regular collaborations with Opera Bergen Orchestra, Bergen Youth Chamber Orchestra (BUKO), and Bergen Youth Philarmonic Orchestra (BFUng).\r\n\r\n\r\n\r\n<\/div>\r\n<\/div>\r\n","protected":false},"excerpt":{"rendered":"<p>Sergio Llorente was born in Madrid and currently based in Bergen, Norway. He begins his musical education with Nuria Felix at Conservatory of Guadalajara &#8220;Sebastian Dur\u00f3n&#8221;, and finishes with Alfredo Garc\u00eda at Conservatory &#8220;Amaniel&#8221; (Madrid). He completed his Bachelor and Master studies in the class of Mari Tampere-Bezrodny, being awarded two times Summa Cum Laude [&hellip;]<\/p>\n","protected":false},"author":3,"featured_media":0,"parent":24,"menu_order":0,"comment_status":"closed","ping_status":"closed","template":"","meta":{"footnotes":""},"class_list":["post-1089","page","type-page","status-publish","hentry"],"amp_enabled":true,"_links":{"self":[{"href":"https:\/\/cursomusicabenicassim.eu\/en\/wp-json\/wp\/v2\/pages\/1089","targetHints":{"allow":["GET"]}}],"collection":[{"href":"https:\/\/cursomusicabenicassim.eu\/en\/wp-json\/wp\/v2\/pages"}],"about":[{"href":"https:\/\/cursomusicabenicassim.eu\/en\/wp-json\/wp\/v2\/types\/page"}],"author":[{"embeddable":true,"href":"https:\/\/cursomusicabenicassim.eu\/en\/wp-json\/wp\/v2\/users\/3"}],"replies":[{"embeddable":true,"href":"https:\/\/cursomusicabenicassim.eu\/en\/wp-json\/wp\/v2\/comments?post=1089"}],"version-history":[{"count":4,"href":"https:\/\/cursomusicabenicassim.eu\/en\/wp-json\/wp\/v2\/pages\/1089\/revisions"}],"predecessor-version":[{"id":1103,"href":"https:\/\/cursomusicabenicassim.eu\/en\/wp-json\/wp\/v2\/pages\/1089\/revisions\/1103"}],"up":[{"embeddable":true,"href":"https:\/\/cursomusicabenicassim.eu\/en\/wp-json\/wp\/v2\/pages\/24"}],"wp:attachment":[{"href":"https:\/\/cursomusicabenicassim.eu\/en\/wp-json\/wp\/v2\/media?parent=1089"}],"curies":[{"name":"wp","href":"https:\/\/api.w.org\/{rel}","templated":true}]}}