{"id":843,"date":"2022-04-25T11:29:25","date_gmt":"2022-04-25T11:29:25","guid":{"rendered":"https:\/\/cursomusicabenicassim.eu\/?page_id=843"},"modified":"2022-04-25T11:43:42","modified_gmt":"2022-04-25T11:43:42","slug":"registro-de-matricula","status":"publish","type":"page","link":"https:\/\/cursomusicabenicassim.eu\/en\/registro-de-matricula\/","title":{"rendered":"Registro de Matr\u00edcula"},"content":{"rendered":"<div class=\"wpforms-container wpforms-container-full wpforms-block\" id=\"wpforms-602\"><form id=\"wpforms-form-602\" class=\"wpforms-validate wpforms-form wpforms-ajax-form\" data-formid=\"602\" method=\"post\" enctype=\"multipart\/form-data\" action=\"\/en\/wp-json\/wp\/v2\/pages\/843\" data-token=\"6514567f07b9f3c6b50e47ca324ee5f9\" data-token-time=\"1778761024\"><noscript class=\"wpforms-error-noscript\">Please enable JavaScript in your browser to complete this form.<\/noscript><div class=\"wpforms-field-container\"><div id=\"wpforms-602-field_1-container\" class=\"wpforms-field wpforms-field-text\" data-field-id=\"1\"><label class=\"wpforms-field-label\" for=\"wpforms-602-field_1\">Nombre del alumno <span class=\"wpforms-required-label\">*<\/span><\/label><input type=\"text\" id=\"wpforms-602-field_1\" class=\"wpforms-field-medium wpforms-field-required\" name=\"wpforms[fields][1]\" required><\/div><div id=\"wpforms-602-field_2-container\" class=\"wpforms-field wpforms-field-text\" data-field-id=\"2\"><label class=\"wpforms-field-label\" for=\"wpforms-602-field_2\">Apellidos del alumno <span class=\"wpforms-required-label\">*<\/span><\/label><input type=\"text\" id=\"wpforms-602-field_2\" class=\"wpforms-field-medium wpforms-field-required\" name=\"wpforms[fields][2]\" required><\/div><div id=\"wpforms-602-field_15-container\" class=\"wpforms-field wpforms-field-text\" data-field-id=\"15\"><label class=\"wpforms-field-label\" for=\"wpforms-602-field_15\">Nombre y apellidos del padre\/madre\/tutor (para menores de 18 a\u00f1os)<\/label><input type=\"text\" id=\"wpforms-602-field_15\" class=\"wpforms-field-medium\" name=\"wpforms[fields][15]\" ><\/div><div id=\"wpforms-602-field_24-container\" class=\"wpforms-field wpforms-field-text\" data-field-id=\"24\"><label class=\"wpforms-field-label\" for=\"wpforms-602-field_24\">Fecha de nacimiento <span class=\"wpforms-required-label\">*<\/span><\/label><input type=\"text\" id=\"wpforms-602-field_24\" class=\"wpforms-field-medium wpforms-field-required\" name=\"wpforms[fields][24]\" required><\/div><div id=\"wpforms-602-field_13-container\" class=\"wpforms-field wpforms-field-email\" data-field-id=\"13\"><label class=\"wpforms-field-label\" for=\"wpforms-602-field_13\">Direcci\u00f3n de correo electr\u00f3nico de contacto <span class=\"wpforms-required-label\">*<\/span><\/label><input type=\"email\" id=\"wpforms-602-field_13\" class=\"wpforms-field-medium wpforms-field-required\" name=\"wpforms[fields][13]\" spellcheck=\"false\" required><\/div><div id=\"wpforms-602-field_14-container\" class=\"wpforms-field wpforms-field-number\" data-field-id=\"14\"><label class=\"wpforms-field-label\" for=\"wpforms-602-field_14\">Tel\u00e9fono del alumno durante el curso <span class=\"wpforms-required-label\">*<\/span><\/label><input type=\"number\" id=\"wpforms-602-field_14\" class=\"wpforms-field-medium wpforms-field-required\" name=\"wpforms[fields][14]\" required><\/div><div id=\"wpforms-602-field_29-container\" class=\"wpforms-field wpforms-field-number\" data-field-id=\"29\"><label class=\"wpforms-field-label\" for=\"wpforms-602-field_29\">Tel\u00e9fono del padre\/madre\/tutor <span class=\"wpforms-required-label\">*<\/span><\/label><input type=\"number\" id=\"wpforms-602-field_29\" class=\"wpforms-field-medium wpforms-field-required\" name=\"wpforms[fields][29]\" required><\/div><div id=\"wpforms-602-field_3-container\" class=\"wpforms-field wpforms-field-text\" data-field-id=\"3\"><label class=\"wpforms-field-label\" for=\"wpforms-602-field_3\">Direcci\u00f3n <span class=\"wpforms-required-label\">*<\/span><\/label><input type=\"text\" id=\"wpforms-602-field_3\" class=\"wpforms-field-medium wpforms-field-required\" name=\"wpforms[fields][3]\" required><\/div><div id=\"wpforms-602-field_4-container\" class=\"wpforms-field wpforms-field-text\" data-field-id=\"4\"><label class=\"wpforms-field-label\" for=\"wpforms-602-field_4\">Ciudad <span class=\"wpforms-required-label\">*<\/span><\/label><input type=\"text\" id=\"wpforms-602-field_4\" class=\"wpforms-field-medium wpforms-field-required\" name=\"wpforms[fields][4]\" required><\/div><div id=\"wpforms-602-field_5-container\" class=\"wpforms-field wpforms-field-text\" data-field-id=\"5\"><label class=\"wpforms-field-label\" for=\"wpforms-602-field_5\">Pa\u00eds <span class=\"wpforms-required-label\">*<\/span><\/label><input type=\"text\" id=\"wpforms-602-field_5\" class=\"wpforms-field-medium wpforms-field-required\" name=\"wpforms[fields][5]\" required><\/div><div id=\"wpforms-602-field_22-container\" class=\"wpforms-field wpforms-field-text\" data-field-id=\"22\"><label class=\"wpforms-field-label\" for=\"wpforms-602-field_22\">N\u00famero de DNI \/ N\u00famero de pasaporte <span class=\"wpforms-required-label\">*<\/span><\/label><input type=\"text\" id=\"wpforms-602-field_22\" class=\"wpforms-field-medium wpforms-field-required\" name=\"wpforms[fields][22]\" required><\/div><div id=\"wpforms-602-field_23-container\" class=\"wpforms-field wpforms-field-text\" data-field-id=\"23\"><label class=\"wpforms-field-label\" for=\"wpforms-602-field_23\">Fecha de expedici\u00f3n del DNI o Pasaporte  <span class=\"wpforms-required-label\">*<\/span><\/label><input type=\"text\" id=\"wpforms-602-field_23\" class=\"wpforms-field-medium wpforms-field-required\" name=\"wpforms[fields][23]\" required><div class=\"wpforms-field-description\">(se encuentra en el anverso, en el holograma de la foto en miniatura [esquina inferior derecha])<\/div><\/div><div id=\"wpforms-602-field_25-container\" class=\"wpforms-field wpforms-field-text\" data-field-id=\"25\"><label class=\"wpforms-field-label\" for=\"wpforms-602-field_25\">Talla de camiseta  <span class=\"wpforms-required-label\">*<\/span><\/label><input type=\"text\" id=\"wpforms-602-field_25\" class=\"wpforms-field-medium wpforms-field-required\" name=\"wpforms[fields][25]\" required><div class=\"wpforms-field-description\">(seg\u00fan la edad, de 2 a 12 o XS, S, M, L, XL, 2XL)<\/div><\/div><div id=\"wpforms-602-field_6-container\" class=\"wpforms-field wpforms-field-radio\" data-field-id=\"6\"><label class=\"wpforms-field-label\">Selecciona una opci\u00f3n <span class=\"wpforms-required-label\">*<\/span><\/label><ul id=\"wpforms-602-field_6\" class=\"wpforms-field-required\"><li class=\"choice-1 depth-1\"><input type=\"radio\" id=\"wpforms-602-field_6_1\" name=\"wpforms[fields][6]\" value=\"Alojamiento + Curso  \" required ><label class=\"wpforms-field-label-inline\" for=\"wpforms-602-field_6_1\">Alojamiento + Curso<\/label><\/li><li class=\"choice-2 depth-1\"><input type=\"radio\" id=\"wpforms-602-field_6_2\" name=\"wpforms[fields][6]\" value=\"Solo Curso\" required ><label class=\"wpforms-field-label-inline\" for=\"wpforms-602-field_6_2\">Solo Curso<\/label><\/li><li class=\"choice-3 depth-1\"><input type=\"radio\" id=\"wpforms-602-field_6_3\" name=\"wpforms[fields][6]\" value=\"Oyente\" required ><label class=\"wpforms-field-label-inline\" for=\"wpforms-602-field_6_3\">Oyente<\/label><\/li><\/ul><\/div><div id=\"wpforms-602-field_18-container\" class=\"wpforms-field wpforms-field-radio\" data-field-id=\"18\"><label class=\"wpforms-field-label\">Instrumento <span class=\"wpforms-required-label\">*<\/span><\/label><ul id=\"wpforms-602-field_18\" class=\"wpforms-field-required\"><li class=\"choice-1 depth-1\"><input type=\"radio\" id=\"wpforms-602-field_18_1\" name=\"wpforms[fields][18]\" value=\"Viol\u00edn\" required ><label class=\"wpforms-field-label-inline\" for=\"wpforms-602-field_18_1\">Viol\u00edn<\/label><\/li><li class=\"choice-2 depth-1\"><input type=\"radio\" id=\"wpforms-602-field_18_2\" name=\"wpforms[fields][18]\" value=\"Viola\" required ><label class=\"wpforms-field-label-inline\" for=\"wpforms-602-field_18_2\">Viola<\/label><\/li><li class=\"choice-3 depth-1\"><input type=\"radio\" id=\"wpforms-602-field_18_3\" name=\"wpforms[fields][18]\" value=\"Violonchelo\" required ><label class=\"wpforms-field-label-inline\" for=\"wpforms-602-field_18_3\">Violonchelo<\/label><\/li><\/ul><\/div><div id=\"wpforms-602-field_17-container\" class=\"wpforms-field wpforms-field-textarea\" data-field-id=\"17\"><label class=\"wpforms-field-label\" for=\"wpforms-602-field_17\">Alergias<\/label><textarea id=\"wpforms-602-field_17\" class=\"wpforms-field-medium\" name=\"wpforms[fields][17]\" ><\/textarea><\/div><div id=\"wpforms-602-field_27-container\" class=\"wpforms-field wpforms-field-text\" data-field-id=\"27\"><label class=\"wpforms-field-label\" for=\"wpforms-602-field_27\">Estudios musicales (nivel) <span class=\"wpforms-required-label\">*<\/span><\/label><input type=\"text\" id=\"wpforms-602-field_27\" class=\"wpforms-field-medium wpforms-field-required\" name=\"wpforms[fields][27]\" required><\/div><div id=\"wpforms-602-field_9-container\" class=\"wpforms-field wpforms-field-text\" data-field-id=\"9\"><label class=\"wpforms-field-label\" for=\"wpforms-602-field_9\">Profesor con el que estudia actualmente <span class=\"wpforms-required-label\">*<\/span><\/label><input type=\"text\" id=\"wpforms-602-field_9\" class=\"wpforms-field-medium wpforms-field-required\" name=\"wpforms[fields][9]\" required><\/div><div id=\"wpforms-602-field_10-container\" class=\"wpforms-field wpforms-field-textarea\" data-field-id=\"10\"><label class=\"wpforms-field-label\" for=\"wpforms-602-field_10\">Obras a trabajar durante el curso de verano <span class=\"wpforms-required-label\">*<\/span><\/label><textarea id=\"wpforms-602-field_10\" class=\"wpforms-field-medium wpforms-field-required\" name=\"wpforms[fields][10]\" required><\/textarea><\/div><div id=\"wpforms-602-field_26-container\" class=\"wpforms-field wpforms-field-textarea\" data-field-id=\"26\"><label class=\"wpforms-field-label\" for=\"wpforms-602-field_26\">Obras para trabajar durante el curso con el pianista  <span class=\"wpforms-required-label\">*<\/span><\/label><textarea id=\"wpforms-602-field_26\" class=\"wpforms-field-medium wpforms-field-required\" name=\"wpforms[fields][26]\" required><\/textarea><div class=\"wpforms-field-description\">M\u00e1ximo dos obras por alumno; las obras han d\u00b4estar preparadas previamente. (El pianista trabajara exclusivamente el repertorio comunicado a l\u00b4inscripci\u00f3n). Si no lo ten\u00e9is decidido todav\u00eda, enviadlo lo antes posible al correo del curso, (m\u00e1ximo el 1 de julio)<\/div><\/div><div id=\"wpforms-602-field_28-container\" class=\"wpforms-field wpforms-field-textarea\" data-field-id=\"28\"><label class=\"wpforms-field-label\" for=\"wpforms-602-field_28\">Para los alumnos que quieran participar en el \ud835\ude58\ud835\ude64\ud835\ude63\ud835\ude58\ud835\ude5e\ud835\ude5a\ud835\ude67\ud835\ude69\ud835\ude64 \ud835\ude59\ud835\ude5a\ud835\ude61 \ud835\ude6b\ud835\ude5e\ud835\ude5a\ud835\ude67\ud835\ude63\ud835\ude5a\ud835\ude68 \ud835\ude59\ud835\ude5a\ud835\ude61 \ud835\ude5b\ud835\ude5a\ud835\ude68\ud835\ude69\ud835\ude5e\ud835\ude6b\ud835\ude56\ud835\ude61 \ud835\ude59\ud835\ude5a \ud835\ude3e\ud835\ude64\ud835\ude67\ud835\ude59\ud835\ude5a\ud835\ude68 \ud835\ude56 \ud835\ude61\ud835\ude56 \ud835\ude48\ud835\ude56\ud835\ude67 (opcional, con v\u00eddeo). Escribir la obra que se quiera interpretar <span class=\"wpforms-required-label\">*<\/span><\/label><textarea id=\"wpforms-602-field_28\" class=\"wpforms-field-small wpforms-field-required\" name=\"wpforms[fields][28]\" required><\/textarea><div class=\"wpforms-field-description\">Si quieres ser considerado\/a para tocar en los conciertos del festival, indica qu\u00e9 obra propones y deber\u00e1s enviar un enlace con el v\u00eddeo de la obra como muestra de tu preparaci\u00f3n a: info@cursomusicabenicassim.eu abans del 31 de juliol,\nSi no sabes la obra todav\u00eda, env\u00edanos el enlace antes del \ud835\udfef\ud835\udfed \ud835\ude59\ud835\ude5a \ud835\ude5f\ud835\ude6a\ud835\ude61\ud835\ude5e\ud835\ude64.\nLa organizaci\u00f3n confirmar\u00e1 la participaci\u00f3n una vez revisadas las propuestas y el material\nenviado.<\/div><\/div><div id=\"wpforms-602-field_12-container\" class=\"wpforms-field wpforms-field-textarea\" data-field-id=\"12\"><label class=\"wpforms-field-label\" for=\"wpforms-602-field_12\">Observaciones <\/label><textarea id=\"wpforms-602-field_12\" class=\"wpforms-field-medium\" name=\"wpforms[fields][12]\" ><\/textarea><div class=\"wpforms-field-description\">Si los familiares desean alojarse en el albergue con nosotros, (as\u00ed como, con quien le gustar\u00eda compartir habitaci\u00f3n si tiene amigos que vienen al curso), &#8230;<\/div><\/div><\/div><!-- .wpforms-field-container --><div class=\"wpforms-recaptcha-container wpforms-is-recaptcha wpforms-is-recaptcha-type-v2\" ><div class=\"g-recaptcha\" data-sitekey=\"6LcnslwfAAAAAHY6XG4RJV7DGtF6OCJMdDucnmja\"><\/div><input type=\"text\" name=\"g-recaptcha-hidden\" class=\"wpforms-recaptcha-hidden\" style=\"position:absolute!important;clip:rect(0,0,0,0)!important;height:1px!important;width:1px!important;border:0!important;overflow:hidden!important;padding:0!important;margin:0!important;\" data-rule-recaptcha=\"1\"><\/div><div class=\"wpforms-submit-container\" ><input type=\"hidden\" name=\"wpforms[id]\" value=\"602\"><input type=\"hidden\" name=\"page_title\" value=\"\"><input type=\"hidden\" name=\"page_url\" value=\"https:\/\/cursomusicabenicassim.eu\/en\/wp-json\/wp\/v2\/pages\/843\"><button type=\"submit\" name=\"wpforms[submit]\" id=\"wpforms-submit-602\" class=\"wpforms-submit\" data-alt-text=\"Enviando...\" data-submit-text=\"Entregar\" aria-live=\"assertive\" value=\"wpforms-submit\">Entregar<\/button><img loading=\"lazy\" decoding=\"async\" src=\"https:\/\/cursomusicabenicassim.eu\/wp-content\/plugins\/wpforms-lite\/assets\/images\/submit-spin.svg\" class=\"wpforms-submit-spinner\" style=\"display: none;\" width=\"26\" height=\"26\" alt=\"Loading\"><\/div><\/form><\/div>  <!-- .wpforms-container -->","protected":false},"excerpt":{"rendered":"","protected":false},"author":3,"featured_media":0,"parent":0,"menu_order":0,"comment_status":"closed","ping_status":"closed","template":"","meta":{"footnotes":""},"class_list":["post-843","page","type-page","status-publish","hentry"],"amp_enabled":true,"_links":{"self":[{"href":"https:\/\/cursomusicabenicassim.eu\/en\/wp-json\/wp\/v2\/pages\/843","targetHints":{"allow":["GET"]}}],"collection":[{"href":"https:\/\/cursomusicabenicassim.eu\/en\/wp-json\/wp\/v2\/pages"}],"about":[{"href":"https:\/\/cursomusicabenicassim.eu\/en\/wp-json\/wp\/v2\/types\/page"}],"author":[{"embeddable":true,"href":"https:\/\/cursomusicabenicassim.eu\/en\/wp-json\/wp\/v2\/users\/3"}],"replies":[{"embeddable":true,"href":"https:\/\/cursomusicabenicassim.eu\/en\/wp-json\/wp\/v2\/comments?post=843"}],"version-history":[{"count":6,"href":"https:\/\/cursomusicabenicassim.eu\/en\/wp-json\/wp\/v2\/pages\/843\/revisions"}],"predecessor-version":[{"id":1001,"href":"https:\/\/cursomusicabenicassim.eu\/en\/wp-json\/wp\/v2\/pages\/843\/revisions\/1001"}],"wp:attachment":[{"href":"https:\/\/cursomusicabenicassim.eu\/en\/wp-json\/wp\/v2\/media?parent=843"}],"curies":[{"name":"wp","href":"https:\/\/api.w.org\/{rel}","templated":true}]}}