{"id":1217,"date":"2026-02-04T09:35:35","date_gmt":"2026-02-04T09:35:35","guid":{"rendered":"https:\/\/cursomusicabenicassim.eu\/?page_id=1217"},"modified":"2026-02-04T09:35:35","modified_gmt":"2026-02-04T09:35:35","slug":"jose-enrique-bouche","status":"publish","type":"page","link":"https:\/\/cursomusicabenicassim.eu\/es\/jose-enrique-bouche\/","title":{"rendered":"Jos\u00e9 Enrique Bouch\u00e9"},"content":{"rendered":"\n<div class=\"wp-block-media-text alignwide is-stacked-on-mobile is-vertically-aligned-top\" style=\"grid-template-columns:23% auto\"><figure class=\"wp-block-media-text__media\"><img loading=\"lazy\" decoding=\"async\" width=\"633\" height=\"633\" src=\"https:\/\/cursomusicabenicassim.eu\/wp-content\/uploads\/2026\/02\/Captura-de-pantalla-2022-02-02-a-las-10.53.09-e1643795839215.png\" alt=\"\" class=\"wp-image-1219 size-large\" srcset=\"https:\/\/cursomusicabenicassim.eu\/wp-content\/uploads\/2026\/02\/Captura-de-pantalla-2022-02-02-a-las-10.53.09-e1643795839215.png 633w, https:\/\/cursomusicabenicassim.eu\/wp-content\/uploads\/2026\/02\/Captura-de-pantalla-2022-02-02-a-las-10.53.09-e1643795839215-300x300.png 300w, https:\/\/cursomusicabenicassim.eu\/wp-content\/uploads\/2026\/02\/Captura-de-pantalla-2022-02-02-a-las-10.53.09-e1643795839215-150x150.png 150w\" sizes=\"auto, (max-width: 633px) 100vw, 633px\" \/><\/figure><div class=\"wp-block-media-text__content\">\n<p><br>Realiza sus estudios musicales en Castell\u00f3n con D. Ramia y J. A. Ros y en Madrid con R. Ramos (disc\u00edpulo de Tortelier y Flachot). Obtiene el Premio de Honor de Fin de Grado Superior en el Real Conservatorio Superior de M\u00fasica de Madrid y el T\u00edtulo Superior de M\u00fasica de C\u00e1mara en el Conservatorio Superior de Salamanca. M\u00e1s tarde ampl\u00eda su formaci\u00f3n con M. Cervera (disc\u00edpulo de Cassad\u00f3 y Tortelier) en el Centro Internacional de Ense\u00f1anzas Musicales de Barcelona. Cursa estudios de Doctorado en la Facultad de Pedagog\u00eda (Departamento de Teor\u00eda de la Educaci\u00f3n y Pedagog\u00eda Social) de la Universidad Nacional de Educaci\u00f3n a Distancia obteniendo la Suficiencia Investigadora.<\/p>\n\n\n\n<p>Ha sido becado por la Fundaci\u00f3n del Banco Exterior de Espa\u00f1a, Conselleria de Cultura, Educaci\u00f2 i Ci\u00e9ncia de la Generalitat Valenciana y Programa Erasmus.<\/p>\n\n\n\n<p>En el campo de la m\u00fasica de c\u00e1mara y como solista ha realizado conciertos en Espa\u00f1a, Francia, Italia, Reino Unido, Portugal, Ruman\u00eda, Suiza, Noruega, Grecia, Argentina, Chile, Uruguay, Brasil, El Salvador, Jap\u00f3n, Turqu\u00eda, China y E.E.U.U.&nbsp; Frecuentemente es invitado a festivales como el Festival Internacional de Santander, Festival Internacional de Pollen\u00e7a, Spain in Tokio (Jap\u00f3n), Festival Internacional \u201cChopin\u201d de Valldemossa, Festival de M\u00fasica Contempor\u00e1nea de Alicante, Ciclos de M\u00fasica de C\u00e1mara de Cajamadrid, Ciclos de M\u00fasica de C\u00e1mara de Ibercaja, Fundaci\u00f3n Bot\u00edn, Festival de M\u00fasica de C\u00e1mara de Segovia, Fundaci\u00f3n March, Children4Music (Londres), Puentes Project (New York), Sighisoara Academy Festival (Ruman\u00eda), Festival Grieg in Bergen (Noruega), Supercello, Beijing (China), etc. y ha actuado, entre otras, en las siguientes salas: Auditorio Nacional, Teatro Real y Teatro Monumental de Madrid, Palau de la M\u00fasica de Valencia, Palau de la M\u00fasica de Barcelona, Teatro Rossini de Pesaro, Fraum\u00fcnster de Z\u00fcrich, Grosser Saal de Berna, Teatro Nissay de Tokio, Teatro Avenida de Buenos Aires, Teatro Sol\u00eds de Montevideo, Teatro Oriente de Santiago de Chile, Teatro Presidente de San Salvador, Teatro San Carlos de Lisboa, Teatro Manzoni de Mil\u00e1n, Teatro Arriaga y Palacio Euskalduna de Bilbao, Auditorio de Santiago de Compostela, Palacio Pisani de Venecia, Sala Bossi de Bolonia, etc.<\/p>\n\n\n\n<p>Ha realizado grabaciones de cello solo y m\u00fasica de c\u00e1mara para los sellos Tecnosaga, Edelweis, S.G.A.E., Saimel, R.T.V.E. (Disco finalista en la VI Edici\u00f3n de los Premios de la M\u00fasica, mayo de 2002), Warner Music (4 nominaciones a los 16th Latin Grammy Awards, 2015) y Cooperativa de Cine. Toca habitualmente con los pianistas Juan Carlos Cornelles y Brenno Ambrosini, adem\u00e1s de colaborar con destacados m\u00fasicos y agrupaciones del panorama internacional: Michael Thomas, Ilya Grubert, Vasko Vassilev, Alexandru Gavrilovici, Nobuko Imai, Imre Rohmann, Jean-Philippe Vasseur, Joan Enric Lluna, Massimo Paris, Jos\u00e9 Franch Ballester, Virtuosos del Covent Garden, G. Sollima, Ensemble Laureate, Shlomo Mintz, Cuarteto \u00abLeonor\u00bb y Shanghai Quartet, entre otros.<\/p>\n\n\n\n<p>Ha actuado como solista con diferentes orquestas y grupos de c\u00e1mara: Orquesta de Engelberg, Orquesta de C\u00e1mara \u201cReina Sof\u00eda\u201d, Orquesta Sinf\u00f3nica de Castell\u00f3n, Orquesta Sinf\u00f3nica del Mediterr\u00e1neo, Orquesta de les Arts, Camerata de Madrid, Castell\u00f3 XXI, Nomos Group, Orquesta de C\u00f3rdoba, etc. actuando bajo la direcci\u00f3n de V. Cacciatori, C. Halffter, M. Thomas, J. Vicent, H. Adams, S. Brotons, P. Miyar, etc. Sus actuaciones incluyen los conciertos de Dvorak, Haydn, Saint-Sa\u00ebns, Boccherini, Triple concierto de Beethoven, etc<\/p>\n\n\n\n<p>Ha sido miembro del \u201cCuarteto Ars Hispanica\u201d y del \u201cDubhe Quartet\u201d, del \u201cArkh\u00e9 Piano Trio\u201d (Ambrosini-Huerta-Bouch\u00e9) y actualmente del \u201cMediterranean String Trio\u201d (Correa-Honta\u00f1\u00f3n-Bouch\u00e9). Cello solista de la \u201cOrquesta Sinf\u00f3nica del Mediterr\u00e1neo\u201d, \u201cCamerata de Madrid\u201d y \u201cABc\u00e1mara\u201d y ayuda de solista de la Orquesta de C\u00e1mara \u201cReina Sof\u00eda\u201d de Madrid desde 1.986 hasta 1.999, agrupaci\u00f3n en la que ha actuado con directores y solistas como N. Chumachenco, R. Fr\u00fcbeck de Burgos, Ph. Entremont, Sir Neville Marriner, N. Yepes, N. Zabaleta, T. Berganza, P. Romero, M. Bayo, I. Haebler, A. Polo, H. Schellenberger, J. Ach\u00facarro, Y. Basmeth, etc.<\/p>\n\n\n\n<p>Su inter\u00e9s por la m\u00fasica espa\u00f1ola contempor\u00e1nea le ha llevado a estrenar y difundir obras de destacados compositores actuales (P. Artola, R. Beltr\u00e1n Moner, F. Col\u00e1s, J. S\u00e1nchez, E. Lorenzo, A. G\u00f3mez, R. Pa\u00fas, Z. de la Cruz, F. Ferrer, C. Cruz de Castro, S. Brotons, M. A. Coria, A. Gonz\u00e1lez Acilu, R. Barce, T. Marco, C. Prieto, J. Villa-Rojo, G. Gombau, P. Miyar, M.A.Roig-Francol\u00ed, M.A. Berbis, etc.).<\/p>\n\n\n\n<p>Es invitado regularmente a impartir clases magistrales en Espa\u00f1a y Europa: Italia, Holanda, B\u00e9lgica, Ruman\u00eda, Turqu\u00eda, Serbia y Grecia y a preparar j\u00f3venes orquestas: Jove Orquestra de la Generalitat Valenciana, Jove Orquestra Simf\u00f2nica de Castell\u00f3, JOBASCYL de Castilla y Le\u00f3n, Joven Orquesta \u201cCiudad de Salamanca\u201d, Orquesta Juvenil \u201cDon Bosco\u201d de El Salvador y The World Orchestra.<\/p>\n\n\n\n<p>La pedagog\u00eda ocupa una parte muy importante de su actividad profesional. Bouch\u00e9 ha impartido clases en el Conservatorio Superior de Zaragoza, Conservatorio Profesional de Salamanca, Conservatorio Profesional de Alcal\u00e1 de Henares (Madrid), Conservatorio Superior de las Islas Baleares, Conservatorio Profesional \u201cAdolfo Salazar\u201d de Madrid y Valencian International University-VIU. Actualmente es profesor de cello en el Conservatorio Superior \u201cSalvador Segu\u00ed\u201d de Castell\u00f3n. Ha dise\u00f1ado y ha sido Director del \u201cM\u00e1ster Universitario de Interpretaci\u00f3n e Investigaci\u00f3n Musical\u201d de la Universidad Internacional Valenciana-VIU, premiado con una \u201cMenci\u00f3n de Honor\u201d en la 5\u00aa edici\u00f3n del Concurso Internacional Teaching With Sakai Innovation Award (TWSIA) celebrado en Atlanta (Georgia-E.E.U.U.) en 2012, en reconocimiento a la innovaci\u00f3n pedag\u00f3gica y excelencia en proyectos educativos a trav\u00e9s de las plataformas tecnol\u00f3gicas Sakai, Elluminate y Blackboard Collaborate.<\/p>\n\n\n\n<p>Como Education Manager, Bouch\u00e9 ha desarrollado proyectos internacionales y convenios con Instituciones de Educaci\u00f3n Art\u00edstica Superior y Universidades de toda Europa. En 2013 ha sido profesor de violoncello y pedagog\u00eda de la cuerda en El Salvador dentro del \u201cProyecto de Prevenci\u00f3n de la violencia a trav\u00e9s de actividades musicales y culturales\u201d financiado por el Banco Mundial, en el que participan la Fundaci\u00f3n Edytra, el Ministerio de Educaci\u00f3n de El Salvador y la Universidad Don Bosco de San Salvador.<\/p>\n\n\n\n<p>En la actualidad Bouch\u00e9 es Co-director Art\u00edstico del encuentro internacional de cellos \u201cCellosmagics\u201d (<a href=\"https:\/\/www.cellosmagics.org\/\" target=\"_blank\" rel=\"noreferrer noopener\">https:\/\/www.cellosmagics.org<\/a>) y Coordinator Adjunto de la \u201cMediterranean Network for Music\u201d (<a href=\"https:\/\/mednet4music.weebly.com\/\" target=\"_blank\" rel=\"noreferrer noopener\">https:\/\/mednet4music.weebly.com<\/a>).<\/p>\n\n\n\n<p>\u200b<\/p>\n\n\n\n<p>Toca un violoncello Gaetano Gadda (Mantua, 1934).<\/p>\n<\/div><\/div>\n","protected":false},"excerpt":{"rendered":"<p>Realiza sus estudios musicales en Castell\u00f3n con D. Ramia y J. A. Ros y en Madrid con R. Ramos (disc\u00edpulo de Tortelier y Flachot). Obtiene el Premio de Honor de Fin de Grado Superior en el Real Conservatorio Superior de M\u00fasica de Madrid y el T\u00edtulo Superior de M\u00fasica de C\u00e1mara en el Conservatorio Superior [&hellip;]<\/p>\n","protected":false},"author":3,"featured_media":0,"parent":0,"menu_order":0,"comment_status":"closed","ping_status":"closed","template":"","meta":{"footnotes":""},"class_list":["post-1217","page","type-page","status-publish","hentry"],"amp_enabled":true,"_links":{"self":[{"href":"https:\/\/cursomusicabenicassim.eu\/es\/wp-json\/wp\/v2\/pages\/1217","targetHints":{"allow":["GET"]}}],"collection":[{"href":"https:\/\/cursomusicabenicassim.eu\/es\/wp-json\/wp\/v2\/pages"}],"about":[{"href":"https:\/\/cursomusicabenicassim.eu\/es\/wp-json\/wp\/v2\/types\/page"}],"author":[{"embeddable":true,"href":"https:\/\/cursomusicabenicassim.eu\/es\/wp-json\/wp\/v2\/users\/3"}],"replies":[{"embeddable":true,"href":"https:\/\/cursomusicabenicassim.eu\/es\/wp-json\/wp\/v2\/comments?post=1217"}],"version-history":[{"count":2,"href":"https:\/\/cursomusicabenicassim.eu\/es\/wp-json\/wp\/v2\/pages\/1217\/revisions"}],"predecessor-version":[{"id":1220,"href":"https:\/\/cursomusicabenicassim.eu\/es\/wp-json\/wp\/v2\/pages\/1217\/revisions\/1220"}],"wp:attachment":[{"href":"https:\/\/cursomusicabenicassim.eu\/es\/wp-json\/wp\/v2\/media?parent=1217"}],"curies":[{"name":"wp","href":"https:\/\/api.w.org\/{rel}","templated":true}]}}