{"id":194,"date":"2022-03-05T08:32:18","date_gmt":"2022-03-05T08:32:18","guid":{"rendered":"https:\/\/cursomusicabenicassim.eu\/?page_id=194"},"modified":"2022-04-05T08:41:57","modified_gmt":"2022-04-05T08:41:57","slug":"mari-tampere-bezrodny","status":"publish","type":"page","link":"https:\/\/cursomusicabenicassim.eu\/es\/profesorado\/mari-tampere-bezrodny\/","title":{"rendered":"Mari Tampere Bezrodny"},"content":{"rendered":"\n<div class=\"wp-block-media-text alignwide is-stacked-on-mobile is-vertically-aligned-top\" style=\"grid-template-columns:23% auto\"><figure class=\"wp-block-media-text__media\"><img loading=\"lazy\" decoding=\"async\" width=\"683\" height=\"1024\" src=\"https:\/\/cursomusicabenicassim.eu\/wp-content\/uploads\/2022\/03\/Mari-683x1024.jpg\" alt=\"\" class=\"wp-image-71 size-large\" srcset=\"https:\/\/cursomusicabenicassim.eu\/wp-content\/uploads\/2022\/03\/Mari-683x1024.jpg 683w, https:\/\/cursomusicabenicassim.eu\/wp-content\/uploads\/2022\/03\/Mari-200x300.jpg 200w, https:\/\/cursomusicabenicassim.eu\/wp-content\/uploads\/2022\/03\/Mari.jpg 720w\" sizes=\"auto, (max-width: 683px) 100vw, 683px\" \/><\/figure><div class=\"wp-block-media-text__content\">\n<p class=\"has-text-align-left\"><strong>Mari Tampere-Bezrodny<\/strong> es una reconocida violinista y profesora. Durante d\u00e9cadas, ha tocado como solista en diferentes orquestas sinf\u00f3nicas y orquestas de c\u00e1mara famosas, as\u00ed como recitales y por supuesto m\u00fasica de c\u00e1mara en 40 pa\u00edses en Europa, Asia y Am\u00e9rica. Con directores como E.Klas, L.Grin, N.Jarvi, J.Domarkas, I.Bezrodny, M.Rostropovich y muchos otros.<\/p>\n\n\n\n<p class=\"has-text-align-left\">Tampere-Bezrodny ha tocado estrenos mundiales de obras para viol\u00edn de compositores rusos y estonios como el Concierto para Viol\u00edn de Jaan R\u00e4\u00e4ts, Ren\u00e9 Eespere, Sonatas y piezas de Nikolai Rakov, Lepo Sumera etc. Ha aparecido como pianista y directora. Ha realizado numerosas grabaciones para la radio y televisi\u00f3n de Estonia y Mosc\u00fa. Como m\u00fasico de c\u00e1mara ha colaborado con pianistas como Ivari Ilja, Risto Lauriala, Sergei Bezrodny, Aleksandra Juozapenaite violonchelistas como Erkki Rautio, Valentin Feigin; violinistas como I.Bezrodny, L.Isakadze, D.Sitkovetsky y violistas como Feodor Druzhinin entre otros.<\/p>\n\n\n\n<p class=\"has-text-align-left\">Ha estudiado en el Conservatorio Tchaikovsky de Mosc\u00fa, y termin\u00f3 su Posgrado con el violinista legendario, el profesor Igor Bezrodny.<\/p>\n\n\n\n<p class=\"has-text-align-left\">Hoy Mari Tampere es profesora de viol\u00edn en la Academia de M\u00fasica de Estonia y en la Academia Sibelius de Finlandia. Ense\u00f1\u00f3 en el Conservatorio de Mosc\u00fa (1996-2001) adem\u00e1s de realizar clases magistrales regularmente en Madrid (2001-2006). Durante muchos a\u00f1os ha ofrecido clases magistrales en gran parte de pa\u00edses de la Uni\u00f3n Europea, Estados Unidos, Israel, China, Rusia, Jap\u00f3n, etc.<\/p>\n\n\n\n<p class=\"has-text-align-left\">Muchos de sus estudiantes han ganado premios en concursos internacionales, o son concertinos en numerosas orquestas del mundo. Entre los que destacan concertinos en Finnish National Opera, Estonian National Opera, Helsinki Philharmonia, Opera Real de Madrid, Dallas Symphony, Birmingham Symphony, Lisboa Symphony Orchestra, Turku and Tampere Philharmonias (Finlandia), Jerusalem Symphony, etc. Muchos de ellos son profesores en diferentes conservatorios.<\/p>\n\n\n\n<p class=\"has-text-align-left\">Mari Tampere-Bezrodny ha sido miembro del jurado en diferentes concursos internacionales como Postacchini International Violin Competition,&nbsp;Tchaikovski International Youth Competition, Osaka International Music Competition, Jeuness Musical, Heino Eller International Violin Competition y muchos otros.<\/p>\n\n\n\n<p><\/p>\n<\/div><\/div>\n\n\n\n<p><\/p>\n","protected":false},"excerpt":{"rendered":"<p>Mari Tampere-Bezrodny es una reconocida violinista y profesora. Durante d\u00e9cadas, ha tocado como solista en diferentes orquestas sinf\u00f3nicas y orquestas de c\u00e1mara famosas, as\u00ed como recitales y por supuesto m\u00fasica de c\u00e1mara en 40 pa\u00edses en Europa, Asia y Am\u00e9rica. Con directores como E.Klas, L.Grin, N.Jarvi, J.Domarkas, I.Bezrodny, M.Rostropovich y muchos otros. Tampere-Bezrodny ha tocado [&hellip;]<\/p>\n","protected":false},"author":3,"featured_media":0,"parent":24,"menu_order":0,"comment_status":"closed","ping_status":"closed","template":"","meta":{"footnotes":""},"class_list":["post-194","page","type-page","status-publish","hentry"],"amp_enabled":true,"_links":{"self":[{"href":"https:\/\/cursomusicabenicassim.eu\/es\/wp-json\/wp\/v2\/pages\/194","targetHints":{"allow":["GET"]}}],"collection":[{"href":"https:\/\/cursomusicabenicassim.eu\/es\/wp-json\/wp\/v2\/pages"}],"about":[{"href":"https:\/\/cursomusicabenicassim.eu\/es\/wp-json\/wp\/v2\/types\/page"}],"author":[{"embeddable":true,"href":"https:\/\/cursomusicabenicassim.eu\/es\/wp-json\/wp\/v2\/users\/3"}],"replies":[{"embeddable":true,"href":"https:\/\/cursomusicabenicassim.eu\/es\/wp-json\/wp\/v2\/comments?post=194"}],"version-history":[{"count":10,"href":"https:\/\/cursomusicabenicassim.eu\/es\/wp-json\/wp\/v2\/pages\/194\/revisions"}],"predecessor-version":[{"id":402,"href":"https:\/\/cursomusicabenicassim.eu\/es\/wp-json\/wp\/v2\/pages\/194\/revisions\/402"}],"up":[{"embeddable":true,"href":"https:\/\/cursomusicabenicassim.eu\/es\/wp-json\/wp\/v2\/pages\/24"}],"wp:attachment":[{"href":"https:\/\/cursomusicabenicassim.eu\/es\/wp-json\/wp\/v2\/media?parent=194"}],"curies":[{"name":"wp","href":"https:\/\/api.w.org\/{rel}","templated":true}]}}