{"id":23,"date":"2022-02-19T19:03:17","date_gmt":"2022-02-19T19:03:17","guid":{"rendered":"https:\/\/cursomusicabenicassim.eu\/?page_id=23"},"modified":"2026-01-24T05:40:11","modified_gmt":"2026-01-24T05:40:11","slug":"presentacion","status":"publish","type":"page","link":"https:\/\/cursomusicabenicassim.eu\/es\/","title":{"rendered":""},"content":{"rendered":"\n<figure class=\"wp-block-image alignfull size-full\"><img loading=\"lazy\" decoding=\"async\" width=\"960\" height=\"200\" src=\"https:\/\/cursomusicabenicassim.eu\/wp-content\/uploads\/2022\/03\/header-2016.jpg\" alt=\"\" class=\"wp-image-220\" srcset=\"https:\/\/cursomusicabenicassim.eu\/wp-content\/uploads\/2022\/03\/header-2016.jpg 960w, https:\/\/cursomusicabenicassim.eu\/wp-content\/uploads\/2022\/03\/header-2016-300x63.jpg 300w, https:\/\/cursomusicabenicassim.eu\/wp-content\/uploads\/2022\/03\/header-2016-768x160.jpg 768w\" sizes=\"auto, (max-width: 960px) 100vw, 960px\" \/><\/figure>\n\n\n\n<h1 class=\"wp-block-heading has-text-align-left has-large-font-size\" style=\"font-style:normal;font-weight:200;letter-spacing:3px\"><strong>\u00a1Bienvenidos y bienvenidas de nuevo al XII Curso Internacional de M\u00fasica de Benic\u00e0ssim!<\/strong><\/h1>\n\n\n\n<div class=\"wp-block-columns is-layout-flex wp-container-core-columns-is-layout-9d6595d7 wp-block-columns-is-layout-flex\">\n<div class=\"wp-block-column is-layout-flow wp-block-column-is-layout-flow\" style=\"flex-basis:100%\">\n<div class=\"wp-block-group\"><div class=\"wp-block-group__inner-container is-layout-flow wp-block-group-is-layout-flow\">\n<div class=\"wp-block-group\"><div class=\"wp-block-group__inner-container is-layout-flow wp-block-group-is-layout-flow\">\n<p class=\"has-medium-font-size\">Estamos muy contentos y entusiasmados de volver a anunciar una nueva edici\u00f3n del curso con el que tantos buenos momentos hemos pasado. <\/p>\n\n\n\n<p class=\"has-medium-font-size\">Es hora de volver a conectar, hacer m\u00fasica juntos, aprender y compartir esta semana de m\u00fasica, clases y diversi\u00f3n junto a la playa de Benic\u00e0ssim.<br>Nuestro objetivo es claro: crear un entorno de crecimiento donde todos y todas nos cuidamos, nos ayudamos y sacamos lo mejor que hay en cada uno de nosotros, con la m\u00fasica y los instrumentos de cuerda como eje principal.<br>Durante las pasadas ediciones, m\u00e1s de 200 alumnos han pasado por el curso, muchos de vosotros repitiendo en varias ocasiones, y esta es nuestra m\u00e1xima motivaci\u00f3n para continuar: Vosotros y vosotras.<br>Para completar el curso, el XII Festival de M\u00fasica de C\u00e1mara \u201cCordes a la Mar\u201d vuelve a Benic\u00e0ssim para ofrecer una semana de conciertos, cultura y buenos momentos a los participantes del curso y a la poblaci\u00f3n de Benic\u00e0ssim.<br>Para esta edici\u00f3n del curso, agradecemos enormemente la colaboraci\u00f3n de la escuela de m\u00fasica Pizzicato y El Mago del Diapas\u00f3n en la organizaci\u00f3n del curso.<\/p>\n\n\n\n<p><\/p>\n\n\n\n<p class=\"has-text-align-left has-medium-font-size\">\u00a1Nos vemos del 9 al 16 de agosto en Benic\u00e0ssim!<\/p>\n\n\n\n<p class=\"has-text-align-right has-medium-font-size\"><br>Organizaci\u00f3n del Curso Internacional de M\u00fasica de Benic\u00e0ssim<\/p>\n<\/div><\/div>\n<\/div><\/div>\n<\/div>\n<\/div>\n\n\n<h3 style=\"text-align: center;\"><strong>Aqu\u00ed puedes descargar e<\/strong><strong>l p\u00f3ster:<\/strong><\/h3>\n<\/p>\n\n\n<div class=\"wp-block-group alignwide\"><div class=\"wp-block-group__inner-container is-layout-constrained wp-block-group-is-layout-constrained\"><\/div><\/div>\n\n\n\n<p><\/p>\n","protected":false},"excerpt":{"rendered":"<p>\u00a1Bienvenidos y bienvenidas de nuevo al XII Curso Internacional de M\u00fasica de Benic\u00e0ssim! Estamos muy contentos y entusiasmados de volver a anunciar una nueva edici\u00f3n del curso con el que tantos buenos momentos hemos pasado. Es hora de volver a conectar, hacer m\u00fasica juntos, aprender y compartir esta semana de m\u00fasica, clases y diversi\u00f3n junto [&hellip;]<\/p>\n","protected":false},"author":2,"featured_media":0,"parent":0,"menu_order":1,"comment_status":"closed","ping_status":"closed","template":"","meta":{"footnotes":""},"class_list":["post-23","page","type-page","status-publish","hentry"],"amp_enabled":false,"_links":{"self":[{"href":"https:\/\/cursomusicabenicassim.eu\/es\/wp-json\/wp\/v2\/pages\/23","targetHints":{"allow":["GET"]}}],"collection":[{"href":"https:\/\/cursomusicabenicassim.eu\/es\/wp-json\/wp\/v2\/pages"}],"about":[{"href":"https:\/\/cursomusicabenicassim.eu\/es\/wp-json\/wp\/v2\/types\/page"}],"author":[{"embeddable":true,"href":"https:\/\/cursomusicabenicassim.eu\/es\/wp-json\/wp\/v2\/users\/2"}],"replies":[{"embeddable":true,"href":"https:\/\/cursomusicabenicassim.eu\/es\/wp-json\/wp\/v2\/comments?post=23"}],"version-history":[{"count":130,"href":"https:\/\/cursomusicabenicassim.eu\/es\/wp-json\/wp\/v2\/pages\/23\/revisions"}],"predecessor-version":[{"id":1209,"href":"https:\/\/cursomusicabenicassim.eu\/es\/wp-json\/wp\/v2\/pages\/23\/revisions\/1209"}],"wp:attachment":[{"href":"https:\/\/cursomusicabenicassim.eu\/es\/wp-json\/wp\/v2\/media?parent=23"}],"curies":[{"name":"wp","href":"https:\/\/api.w.org\/{rel}","templated":true}]}}