{"id":1186,"date":"2025-03-23T20:59:58","date_gmt":"2025-03-23T20:59:58","guid":{"rendered":"https:\/\/cursomusicabenicassim.eu\/?page_id=1186"},"modified":"2026-02-26T19:02:07","modified_gmt":"2026-02-26T19:02:07","slug":"hilario-segovia-badia","status":"publish","type":"page","link":"https:\/\/cursomusicabenicassim.eu\/va\/hilario-segovia-badia\/","title":{"rendered":"Hilario Segovia Badia"},"content":{"rendered":"\r\n<div class=\"wp-block-media-text alignwide is-stacked-on-mobile is-vertically-aligned-top\" style=\"grid-template-columns: 23% auto;\">\r\n<figure class=\"wp-block-media-text__media\"><img decoding=\"async\" class=\"wp-image-1265 size-large\" src=\"https:\/\/cursomusicabenicassim.eu\/wp-content\/uploads\/2026\/02\/PHOTO-2026-02-25-16-46-24-683x1024.jpg\" alt=\"\" \/><\/figure>\r\n<div class=\"wp-block-media-text__content\">Inicia sus estudios musicales en la Escolan\u00eda de Ntra. Sra. de los Desamparados de Valencia, donde compagina canto con piano y viol\u00edn.\r\n\r\n Se grad\u00faa en la especialidad de Piano en el Conservatorio Superior de M\u00fasica Joaqu\u00edn Rodrigo, bajo la tutela de Jes\u00fas \u00c1ngel Rodr\u00edguez. Posteriormente cursa el M\u00e1ster en Interpretaci\u00f3n e Investigaci\u00f3n Musical en la Universidad Internacional Valenciana (VIU), teniendo como mentor al concertista Eugen Indjic.\r\n\r\n Como solista ha interpretado el Concierto para piano n.\u00ba 2, op. 19 de Ludwig van Beethoven, el Concierto para piano n.\u00ba 1 de Piotr Ilich Tchaikovsky, el Concierto para piano n.\u00ba 2 de Serguei Rajmaninov y Noches en los jardines de Espa\u00f1a de Manuel de Falla, junto a orquestas como la&nbsp;<em>HBSO Symphony Orchestra<\/em>&nbsp;(Saig\u00f3n, Vietnam).\r\n\r\n En el \u00e1mbito de la m\u00fasica de c\u00e1mara ha colaborado con artistas de la talla de Shigenori Kudo, Matthew Wu o I. Muravyov, entre otros. Junto al violinista Ra\u00fal Arias forma el D\u00fao Arias-Segovia, con el que publica su primer trabajo discogr\u00e1fico,&nbsp;<em>Divertimentos emocionales<\/em>.\r\n\r\n Junto a la soprano Olha Viytiv integra el D\u00fao Evocaci\u00f3n, con el que ha actuado en diversas ciudades de Espa\u00f1a, as\u00ed como en Italia, Inglaterra, Ucrania y Vietnam. Entre sus galardones destaca el Primer Premio, Premio Especial al Mejor D\u00fao y Premio Especial al Mejor Pianista en el&nbsp;<em>16\u00ba Concorso Internazionale di Canto Cameristico \u201cSeghizzi\u201d<\/em>&nbsp;(Gorizia, Italia).\r\n\r\n Ha participado en ciclos como Cambra al Palau, en el Palau de la M\u00fasica de Valencia, y en la programaci\u00f3n de la Fundaci\u00f3n Juan March (Madrid), entre otros.&nbsp;\r\n\r\n Colabora regularmente con la Orquesta Sinf\u00f3nica del Principado de Asturias (OSPA), participando, entre otros proyectos, en el estreno mundial de&nbsp;<em>Lilith<\/em>&nbsp;(2024) de Francisco Coll.\r\n\r\n Ha actuado en salas como el Palau de la M\u00fasica de Valencia, el Auditorio de Castell\u00f3n, el Hong Kong City Hall, la \u00d3pera de Saig\u00f3n (Vietnam) y la Lviv Philharmonic Hall (Ucrania).\r\n\r\n Ha realizado grabaciones para Radio Nacional de Espa\u00f1a \u2013 Radio Cl\u00e1sica.\r\n\r\n Es catedr\u00e1tico por oposici\u00f3n y ejerce como profesor de Repertorio con Piano para Instrumentos en el Conservatorio Superior de M\u00fasica de Castell\u00f3.\r\n\r\n<\/div>\r\n<\/div>\r\n","protected":false},"excerpt":{"rendered":"<p>Inicia sus estudios musicales en la Escolan\u00eda de Ntra. Sra. de los Desamparados de Valencia, donde compagina canto con piano y viol\u00edn. Se grad\u00faa en la especialidad de Piano en el Conservatorio Superior de M\u00fasica Joaqu\u00edn Rodrigo, bajo la tutela de Jes\u00fas \u00c1ngel Rodr\u00edguez. Posteriormente cursa el M\u00e1ster en Interpretaci\u00f3n e Investigaci\u00f3n Musical en la [&hellip;]<\/p>\n","protected":false},"author":3,"featured_media":0,"parent":0,"menu_order":0,"comment_status":"closed","ping_status":"closed","template":"","meta":{"footnotes":""},"class_list":["post-1186","page","type-page","status-publish","hentry"],"amp_enabled":true,"_links":{"self":[{"href":"https:\/\/cursomusicabenicassim.eu\/va\/wp-json\/wp\/v2\/pages\/1186","targetHints":{"allow":["GET"]}}],"collection":[{"href":"https:\/\/cursomusicabenicassim.eu\/va\/wp-json\/wp\/v2\/pages"}],"about":[{"href":"https:\/\/cursomusicabenicassim.eu\/va\/wp-json\/wp\/v2\/types\/page"}],"author":[{"embeddable":true,"href":"https:\/\/cursomusicabenicassim.eu\/va\/wp-json\/wp\/v2\/users\/3"}],"replies":[{"embeddable":true,"href":"https:\/\/cursomusicabenicassim.eu\/va\/wp-json\/wp\/v2\/comments?post=1186"}],"version-history":[{"count":3,"href":"https:\/\/cursomusicabenicassim.eu\/va\/wp-json\/wp\/v2\/pages\/1186\/revisions"}],"predecessor-version":[{"id":1267,"href":"https:\/\/cursomusicabenicassim.eu\/va\/wp-json\/wp\/v2\/pages\/1186\/revisions\/1267"}],"wp:attachment":[{"href":"https:\/\/cursomusicabenicassim.eu\/va\/wp-json\/wp\/v2\/media?parent=1186"}],"curies":[{"name":"wp","href":"https:\/\/api.w.org\/{rel}","templated":true}]}}