{"id":173,"date":"2022-03-05T07:06:33","date_gmt":"2022-03-05T07:06:33","guid":{"rendered":"https:\/\/cursomusicabenicassim.eu\/?page_id=173"},"modified":"2024-02-27T08:40:53","modified_gmt":"2024-02-27T08:40:53","slug":"proyecto","status":"publish","type":"page","link":"https:\/\/cursomusicabenicassim.eu\/va\/proyecto\/","title":{"rendered":"Projecte"},"content":{"rendered":"\r\n<p class=\"has-text-align-left\" style=\"font-style: normal; font-weight: 400;\">El Curs Internacional de M\u00fasica de Benic\u00e0ssim naix en 2013 per la inquietud de diversos joves que s&#8217;iniciaven professionalment en el m\u00f3n de la m\u00fasica.<\/p>\r\n\r\n\r\n\r\n<p class=\"has-text-align-left\" style=\"font-style: normal; font-weight: 400;\">Havent viscut diverses experi\u00e8ncies tocant en orquestres, assistint a cursos, estudiant en diferents pa\u00efsos d&#8217;Europa i decideixen aportar el seu granet de sorra a les seg\u00fcents generacions de m\u00fasics de Benic\u00e0ssim, Castell\u00f3 i de totes les regions.<\/p>\r\n\r\n\r\n\r\n<p class=\"has-text-align-left\" style=\"font-style: normal; font-weight: 400;\">Volem apropar els millors professionals als estudiants del curs per ajudar-los a viure la m\u00fasica amb passi\u00f3, il\u00b7lusi\u00f3, amor i motivar-los en aquest cam\u00ed d&#8217;aprendre a tocar un instrument i fer m\u00fasica; complementant les classes amb els concerts que organitzem al festival de cordes a la mar.<\/p>\r\n\r\n\r\n\r\n<p class=\"has-text-align-left\" style=\"font-style: normal; font-weight: 400;\">Tanmateix, entenem la cultura en general i la m\u00fasica en particular com una eina potent\u00edssima de creixement per connectar persones, desenvolupar la sensibilitat i aprendre junts en una setmana on entre tots intentarem crear el millor entorn: un entorn on tots oferim el millor de cadasc\u00fa, ens cuidem i respectem, sempre amb la m\u00fasica com a vehicle d&#8217;aprenentatge.<\/p>\r\n\r\n\r\n\r\n<p class=\"has-text-align-left\" style=\"font-style: normal; font-weight: 400;\">Tenim la motxilla plena de bons records i experi\u00e8ncies durant les passades edicions del curs i tenim molta il\u00b7lusi\u00f3 per poder continuar&#8230;\r\nEns veiem en agost! Amb moltes ganes de retrobar-vos i seguir aprenent junts!<\/p>\r\n\r\n\r\n\r\n<p class=\"has-text-align-left\" style=\"font-style: normal; font-weight: 400;\">Equip de professores, professors i l&#8217;organitzaci\u00f3 del Curs Internacional de M\u00fasica de Benic\u00e0ssim<\/p>\r\n","protected":false},"excerpt":{"rendered":"<p>El Curs Internacional de M\u00fasica de Benic\u00e0ssim naix en 2013 per la inquietud de diversos joves que s&#8217;iniciaven professionalment en el m\u00f3n de la m\u00fasica. Havent viscut diverses experi\u00e8ncies tocant en orquestres, assistint a cursos, estudiant en diferents pa\u00efsos d&#8217;Europa i decideixen aportar el seu granet de sorra a les seg\u00fcents generacions de m\u00fasics de [&hellip;]<\/p>\n","protected":false},"author":2,"featured_media":0,"parent":0,"menu_order":0,"comment_status":"closed","ping_status":"closed","template":"","meta":{"footnotes":""},"class_list":["post-173","page","type-page","status-publish","hentry"],"amp_enabled":true,"_links":{"self":[{"href":"https:\/\/cursomusicabenicassim.eu\/va\/wp-json\/wp\/v2\/pages\/173","targetHints":{"allow":["GET"]}}],"collection":[{"href":"https:\/\/cursomusicabenicassim.eu\/va\/wp-json\/wp\/v2\/pages"}],"about":[{"href":"https:\/\/cursomusicabenicassim.eu\/va\/wp-json\/wp\/v2\/types\/page"}],"author":[{"embeddable":true,"href":"https:\/\/cursomusicabenicassim.eu\/va\/wp-json\/wp\/v2\/users\/2"}],"replies":[{"embeddable":true,"href":"https:\/\/cursomusicabenicassim.eu\/va\/wp-json\/wp\/v2\/comments?post=173"}],"version-history":[{"count":18,"href":"https:\/\/cursomusicabenicassim.eu\/va\/wp-json\/wp\/v2\/pages\/173\/revisions"}],"predecessor-version":[{"id":1081,"href":"https:\/\/cursomusicabenicassim.eu\/va\/wp-json\/wp\/v2\/pages\/173\/revisions\/1081"}],"wp:attachment":[{"href":"https:\/\/cursomusicabenicassim.eu\/va\/wp-json\/wp\/v2\/media?parent=173"}],"curies":[{"name":"wp","href":"https:\/\/api.w.org\/{rel}","templated":true}]}}