{"id":579,"date":"2022-04-08T16:39:19","date_gmt":"2022-04-08T16:39:19","guid":{"rendered":"https:\/\/cursomusicabenicassim.eu\/?page_id=579"},"modified":"2022-04-20T08:24:45","modified_gmt":"2022-04-20T08:24:45","slug":"contacto","status":"publish","type":"page","link":"https:\/\/cursomusicabenicassim.eu\/va\/contacto\/","title":{"rendered":"Contacte"},"content":{"rendered":"\r\n<p style=\"font-style:normal;font-weight:400\">Per a qualsevol dubte o q\u00fcesti\u00f3, podeu ficar-vos en contacte amb nosaltres enviant un correu a la seg\u00fcent adre\u00e7a electr\u00f2nica:<\/p>\r\n\r\n\r\n\r\n<p style=\"font-style:normal;font-weight:400\"><a><u>info@cursomusicabenicassim.eu<\/u><\/a><\/p>\r\n\r\n","protected":false},"excerpt":{"rendered":"<p>Per a qualsevol dubte o q\u00fcesti\u00f3, podeu ficar-vos en contacte amb nosaltres enviant un correu a la seg\u00fcent adre\u00e7a electr\u00f2nica: info@cursomusicabenicassim.eu<\/p>\n","protected":false},"author":2,"featured_media":0,"parent":0,"menu_order":0,"comment_status":"closed","ping_status":"closed","template":"","meta":{"footnotes":""},"class_list":["post-579","page","type-page","status-publish","hentry"],"amp_enabled":true,"_links":{"self":[{"href":"https:\/\/cursomusicabenicassim.eu\/va\/wp-json\/wp\/v2\/pages\/579","targetHints":{"allow":["GET"]}}],"collection":[{"href":"https:\/\/cursomusicabenicassim.eu\/va\/wp-json\/wp\/v2\/pages"}],"about":[{"href":"https:\/\/cursomusicabenicassim.eu\/va\/wp-json\/wp\/v2\/types\/page"}],"author":[{"embeddable":true,"href":"https:\/\/cursomusicabenicassim.eu\/va\/wp-json\/wp\/v2\/users\/2"}],"replies":[{"embeddable":true,"href":"https:\/\/cursomusicabenicassim.eu\/va\/wp-json\/wp\/v2\/comments?post=579"}],"version-history":[{"count":4,"href":"https:\/\/cursomusicabenicassim.eu\/va\/wp-json\/wp\/v2\/pages\/579\/revisions"}],"predecessor-version":[{"id":698,"href":"https:\/\/cursomusicabenicassim.eu\/va\/wp-json\/wp\/v2\/pages\/579\/revisions\/698"}],"wp:attachment":[{"href":"https:\/\/cursomusicabenicassim.eu\/va\/wp-json\/wp\/v2\/media?parent=579"}],"curies":[{"name":"wp","href":"https:\/\/api.w.org\/{rel}","templated":true}]}}