{"id":855,"date":"2022-04-25T11:51:45","date_gmt":"2022-04-25T11:51:45","guid":{"rendered":"https:\/\/cursomusicabenicassim.eu\/?page_id=855"},"modified":"2022-04-25T11:51:45","modified_gmt":"2022-04-25T11:51:45","slug":"registre-de-matricula","status":"publish","type":"page","link":"https:\/\/cursomusicabenicassim.eu\/va\/registre-de-matricula\/","title":{"rendered":"Registre de matr\u00edcula"},"content":{"rendered":"<div class=\"wpforms-container wpforms-container-full wpforms-block\" id=\"wpforms-667\"><form id=\"wpforms-form-667\" class=\"wpforms-validate wpforms-form wpforms-ajax-form\" data-formid=\"667\" method=\"post\" enctype=\"multipart\/form-data\" action=\"\/va\/wp-json\/wp\/v2\/pages\/855\" data-token=\"a2fea9d93d11b54be342d0ba8cfda371\" data-token-time=\"1777888803\"><noscript class=\"wpforms-error-noscript\">Activeu el JavaScript al navegador per a poder completar el formulari.<\/noscript><div class=\"wpforms-field-container\"><div id=\"wpforms-667-field_1-container\" class=\"wpforms-field wpforms-field-text\" data-field-id=\"1\"><label class=\"wpforms-field-label\" for=\"wpforms-667-field_1\">Nom de l&#039;alumne <span class=\"wpforms-required-label\">*<\/span><\/label><input type=\"text\" id=\"wpforms-667-field_1\" class=\"wpforms-field-small wpforms-field-required\" name=\"wpforms[fields][1]\" required><\/div><div id=\"wpforms-667-field_2-container\" class=\"wpforms-field wpforms-field-text\" data-field-id=\"2\"><label class=\"wpforms-field-label\" for=\"wpforms-667-field_2\">Cognoms de l&#039;alumne <span class=\"wpforms-required-label\">*<\/span><\/label><input type=\"text\" id=\"wpforms-667-field_2\" class=\"wpforms-field-medium wpforms-field-required\" name=\"wpforms[fields][2]\" required><\/div><div id=\"wpforms-667-field_15-container\" class=\"wpforms-field wpforms-field-text\" data-field-id=\"15\"><label class=\"wpforms-field-label\" for=\"wpforms-667-field_15\">Nom i cognoms del pare\/mare\/tutor (menors de 18 anys)<\/label><input type=\"text\" id=\"wpforms-667-field_15\" class=\"wpforms-field-medium\" name=\"wpforms[fields][15]\" ><\/div><div id=\"wpforms-667-field_20-container\" class=\"wpforms-field wpforms-field-text\" data-field-id=\"20\"><label class=\"wpforms-field-label\" for=\"wpforms-667-field_20\">Data de naixement <span class=\"wpforms-required-label\">*<\/span><\/label><input type=\"text\" id=\"wpforms-667-field_20\" class=\"wpforms-field-medium wpforms-field-required\" name=\"wpforms[fields][20]\" required><\/div><div id=\"wpforms-667-field_13-container\" class=\"wpforms-field wpforms-field-email\" data-field-id=\"13\"><label class=\"wpforms-field-label\" for=\"wpforms-667-field_13\">Direcci\u00f3 de correu electr\u00f2nic de contacte <span class=\"wpforms-required-label\">*<\/span><\/label><input type=\"email\" id=\"wpforms-667-field_13\" class=\"wpforms-field-medium wpforms-field-required\" name=\"wpforms[fields][13]\" spellcheck=\"false\" required><\/div><div id=\"wpforms-667-field_14-container\" class=\"wpforms-field wpforms-field-number\" data-field-id=\"14\"><label class=\"wpforms-field-label\" for=\"wpforms-667-field_14\">Tel\u00e8fon de l\u00b4alumne durant el curs <span class=\"wpforms-required-label\">*<\/span><\/label><input type=\"number\" id=\"wpforms-667-field_14\" class=\"wpforms-field-medium wpforms-field-required\" name=\"wpforms[fields][14]\" required><\/div><div id=\"wpforms-667-field_34-container\" class=\"wpforms-field wpforms-field-number\" data-field-id=\"34\"><label class=\"wpforms-field-label\" for=\"wpforms-667-field_34\">Tel\u00e8fon del pare\/mare\/tutor <span class=\"wpforms-required-label\">*<\/span><\/label><input type=\"number\" id=\"wpforms-667-field_34\" class=\"wpforms-field-medium wpforms-field-required\" name=\"wpforms[fields][34]\" required><\/div><div id=\"wpforms-667-field_3-container\" class=\"wpforms-field wpforms-field-text\" data-field-id=\"3\"><label class=\"wpforms-field-label\" for=\"wpforms-667-field_3\">Direcci\u00f3 <span class=\"wpforms-required-label\">*<\/span><\/label><input type=\"text\" id=\"wpforms-667-field_3\" class=\"wpforms-field-medium wpforms-field-required\" name=\"wpforms[fields][3]\" required><\/div><div id=\"wpforms-667-field_4-container\" class=\"wpforms-field wpforms-field-text\" data-field-id=\"4\"><label class=\"wpforms-field-label\" for=\"wpforms-667-field_4\">Ciutat <span class=\"wpforms-required-label\">*<\/span><\/label><input type=\"text\" id=\"wpforms-667-field_4\" class=\"wpforms-field-medium wpforms-field-required\" name=\"wpforms[fields][4]\" required><\/div><div id=\"wpforms-667-field_5-container\" class=\"wpforms-field wpforms-field-text\" data-field-id=\"5\"><label class=\"wpforms-field-label\" for=\"wpforms-667-field_5\">Pa\u00eds <span class=\"wpforms-required-label\">*<\/span><\/label><input type=\"text\" id=\"wpforms-667-field_5\" class=\"wpforms-field-medium wpforms-field-required\" name=\"wpforms[fields][5]\" required><\/div><div id=\"wpforms-667-field_18-container\" class=\"wpforms-field wpforms-field-text\" data-field-id=\"18\"><label class=\"wpforms-field-label\" for=\"wpforms-667-field_18\">N\u00famero de DNI \/ N\u00famero de Passaport <span class=\"wpforms-required-label\">*<\/span><\/label><input type=\"text\" id=\"wpforms-667-field_18\" class=\"wpforms-field-medium wpforms-field-required\" name=\"wpforms[fields][18]\" required><\/div><div id=\"wpforms-667-field_19-container\" class=\"wpforms-field wpforms-field-text\" data-field-id=\"19\"><label class=\"wpforms-field-label\" for=\"wpforms-667-field_19\">Data d&#039;expedici\u00f3 del DNI o Passaport <span class=\"wpforms-required-label\">*<\/span><\/label><input type=\"text\" id=\"wpforms-667-field_19\" class=\"wpforms-field-medium wpforms-field-required\" name=\"wpforms[fields][19]\" required><div class=\"wpforms-field-description\">(es troba en l&#8217;anvers, en l&#8217;holograma de la foto en miniatura [cantonada inferior dreta])<\/div><\/div><div id=\"wpforms-667-field_6-container\" class=\"wpforms-field wpforms-field-radio\" data-field-id=\"6\"><label class=\"wpforms-field-label\">Selecciona una opci\u00f3 <span class=\"wpforms-required-label\">*<\/span><\/label><ul id=\"wpforms-667-field_6\" class=\"wpforms-field-required\"><li class=\"choice-1 depth-1\"><input type=\"radio\" id=\"wpforms-667-field_6_1\" name=\"wpforms[fields][6]\" value=\"Allotjament + Curs  \" required ><label class=\"wpforms-field-label-inline\" for=\"wpforms-667-field_6_1\">Allotjament + Curs<\/label><\/li><li class=\"choice-2 depth-1\"><input type=\"radio\" id=\"wpforms-667-field_6_2\" name=\"wpforms[fields][6]\" value=\"Curs\" required ><label class=\"wpforms-field-label-inline\" for=\"wpforms-667-field_6_2\">Curs<\/label><\/li><li class=\"choice-3 depth-1\"><input type=\"radio\" id=\"wpforms-667-field_6_3\" name=\"wpforms[fields][6]\" value=\"Oient\" required ><label class=\"wpforms-field-label-inline\" for=\"wpforms-667-field_6_3\">Oient<\/label><\/li><\/ul><\/div><div id=\"wpforms-667-field_17-container\" class=\"wpforms-field wpforms-field-radio\" data-field-id=\"17\"><label class=\"wpforms-field-label\">Instrument <span class=\"wpforms-required-label\">*<\/span><\/label><ul id=\"wpforms-667-field_17\" class=\"wpforms-field-required\"><li class=\"choice-1 depth-1\"><input type=\"radio\" id=\"wpforms-667-field_17_1\" name=\"wpforms[fields][17]\" value=\"Viol\u00ed\" required ><label class=\"wpforms-field-label-inline\" for=\"wpforms-667-field_17_1\">Viol\u00ed<\/label><\/li><li class=\"choice-2 depth-1\"><input type=\"radio\" id=\"wpforms-667-field_17_2\" name=\"wpforms[fields][17]\" value=\"Viola\" required ><label class=\"wpforms-field-label-inline\" for=\"wpforms-667-field_17_2\">Viola<\/label><\/li><li class=\"choice-3 depth-1\"><input type=\"radio\" id=\"wpforms-667-field_17_3\" name=\"wpforms[fields][17]\" value=\"Violoncel\" required ><label class=\"wpforms-field-label-inline\" for=\"wpforms-667-field_17_3\">Violoncel<\/label><\/li><\/ul><\/div><div id=\"wpforms-667-field_27-container\" class=\"wpforms-field wpforms-field-text\" data-field-id=\"27\"><label class=\"wpforms-field-label\" for=\"wpforms-667-field_27\">Talla de camiseta  <span class=\"wpforms-required-label\">*<\/span><\/label><input type=\"text\" id=\"wpforms-667-field_27\" class=\"wpforms-field-medium wpforms-field-required\" name=\"wpforms[fields][27]\" required><div class=\"wpforms-field-description\">(segons l&#8217;edat, de 2 a 12 o XS, S, M, L, XL, 2XL)<\/div><\/div><div id=\"wpforms-667-field_16-container\" class=\"wpforms-field wpforms-field-textarea\" data-field-id=\"16\"><label class=\"wpforms-field-label\" for=\"wpforms-667-field_16\">Al \u00b7 l\u00e8rgies<\/label><textarea id=\"wpforms-667-field_16\" class=\"wpforms-field-medium\" name=\"wpforms[fields][16]\" ><\/textarea><\/div><div id=\"wpforms-667-field_31-container\" class=\"wpforms-field wpforms-field-text\" data-field-id=\"31\"><label class=\"wpforms-field-label\" for=\"wpforms-667-field_31\">Estudis musicals (nivell) <span class=\"wpforms-required-label\">*<\/span><\/label><input type=\"text\" id=\"wpforms-667-field_31\" class=\"wpforms-field-medium wpforms-field-required\" name=\"wpforms[fields][31]\" required><\/div><div id=\"wpforms-667-field_9-container\" class=\"wpforms-field wpforms-field-text\" data-field-id=\"9\"><label class=\"wpforms-field-label\" for=\"wpforms-667-field_9\">Professor amb qui estudia actualment <span class=\"wpforms-required-label\">*<\/span><\/label><input type=\"text\" id=\"wpforms-667-field_9\" class=\"wpforms-field-medium wpforms-field-required\" name=\"wpforms[fields][9]\" required><\/div><div id=\"wpforms-667-field_33-container\" class=\"wpforms-field wpforms-field-textarea\" data-field-id=\"33\"><label class=\"wpforms-field-label\" for=\"wpforms-667-field_33\">Obres a treballar durant el curs d&#039;estiu<\/label><textarea id=\"wpforms-667-field_33\" class=\"wpforms-field-medium\" name=\"wpforms[fields][33]\" ><\/textarea><\/div><div id=\"wpforms-667-field_32-container\" class=\"wpforms-field wpforms-field-textarea\" data-field-id=\"32\"><label class=\"wpforms-field-label\" for=\"wpforms-667-field_32\">Obres a treballar durant el curs amb el pianista<\/label><textarea id=\"wpforms-667-field_32\" class=\"wpforms-field-medium\" name=\"wpforms[fields][32]\" ><\/textarea><div class=\"wpforms-field-description\">M\u00e0xim dos obres per alumne; les obres hi han d\u00b4estar preparades pr\u00e8viament. (El pianista treballara exclusivament el repertori comunicat a l\u00b4inscripci\u00f3). Si no el teniu decidit, per favor envieu el repertori al correu del curs com m\u00e9s aviat millor, (m\u00e0xim l&#8217;1 de juliol)<\/div><\/div><div id=\"wpforms-667-field_35-container\" class=\"wpforms-field wpforms-field-textarea\" data-field-id=\"35\"><label class=\"wpforms-field-label\" for=\"wpforms-667-field_35\">Per als alumnes que vulguen participar al \ud835\ude3e\ud835\ude64\ud835\ude63\ud835\ude58\ud835\ude5a\ud835\ude67\ud835\ude69 \ud835\ude59\ud835\ude5a\ud835\ude61 \ud835\ude59\ud835\ude5e\ud835\ude6b\ud835\ude5a\ud835\ude63\ud835\ude59\ud835\ude67\ud835\ude5a\ud835\ude68 \ud835\ude59\ud835\ude5a\ud835\ude61 \ud835\ude5b\ud835\ude5a\ud835\ude68\ud835\ude69\ud835\ude5e\ud835\ude6b\ud835\ude56\ud835\ude61 \ud835\ude59\ud835\ude5a \ud835\ude3e\ud835\ude64\ud835\ude67\ud835\ude59\ud835\ude5a\ud835\ude68 \ud835\ude56 \ud835\ude61\ud835\ude56 \ud835\ude48\ud835\ude56\ud835\ude67 (opcional, amb v\u00eddeo). Escriure l&#039;obra que es vulga interpretar<\/label><textarea id=\"wpforms-667-field_35\" class=\"wpforms-field-medium\" name=\"wpforms[fields][35]\" ><\/textarea><div class=\"wpforms-field-description\">Si vols ser considerat\/a per a tocar en els concerts del festival, indica quina obra proposes i haur\u00e0s d&#8217;enviar un enlla\u00e7 amb el v\u00eddeo de l&#8217;obra com a mostra de la teua preparaci\u00f3 a: info@cursomusicabenicassim.eu abans del 31 de juliol.\nSi no saps l&#8217;obra encara, envia&#8217;ns l&#8217;enlla\u00e7 abans del 31 de juliol.\nL&#8217;organitzaci\u00f3 confirmar\u00e0 la participaci\u00f3 una vegada revisades les propostes i el material\nenviat.<\/div><\/div><div id=\"wpforms-667-field_12-container\" class=\"wpforms-field wpforms-field-textarea\" data-field-id=\"12\"><label class=\"wpforms-field-label\" for=\"wpforms-667-field_12\">Observacions <\/label><textarea id=\"wpforms-667-field_12\" class=\"wpforms-field-medium\" name=\"wpforms[fields][12]\" ><\/textarea><div class=\"wpforms-field-description\">Si els familiars desitgen allotjar-se en l&#8217;alberg amb nosaltres, (aix\u00ed com, amb qui li agradaria compartir habitaci\u00f3 si t\u00e9 amics que venen al curs), &#8230;<\/div><\/div><\/div><!-- .wpforms-field-container --><div class=\"wpforms-recaptcha-container wpforms-is-recaptcha wpforms-is-recaptcha-type-v2\" ><div class=\"g-recaptcha\" data-sitekey=\"6LcnslwfAAAAAHY6XG4RJV7DGtF6OCJMdDucnmja\"><\/div><input type=\"text\" name=\"g-recaptcha-hidden\" class=\"wpforms-recaptcha-hidden\" style=\"position:absolute!important;clip:rect(0,0,0,0)!important;height:1px!important;width:1px!important;border:0!important;overflow:hidden!important;padding:0!important;margin:0!important;\" data-rule-recaptcha=\"1\"><\/div><div class=\"wpforms-submit-container\" ><input type=\"hidden\" name=\"wpforms[id]\" value=\"667\"><input type=\"hidden\" name=\"page_title\" value=\"\"><input type=\"hidden\" name=\"page_url\" value=\"https:\/\/cursomusicabenicassim.eu\/va\/wp-json\/wp\/v2\/pages\/855\"><button type=\"submit\" name=\"wpforms[submit]\" id=\"wpforms-submit-667\" class=\"wpforms-submit\" data-alt-text=\"Enviando...\" data-submit-text=\"Entregar\" aria-live=\"assertive\" value=\"wpforms-submit\">Entregar<\/button><img loading=\"lazy\" decoding=\"async\" src=\"https:\/\/cursomusicabenicassim.eu\/wp-content\/plugins\/wpforms-lite\/assets\/images\/submit-spin.svg\" class=\"wpforms-submit-spinner\" style=\"display: none;\" width=\"26\" height=\"26\" alt=\"S&#039;est\u00e0 carregant\"><\/div><\/form><\/div>  <!-- .wpforms-container -->","protected":false},"excerpt":{"rendered":"","protected":false},"author":3,"featured_media":0,"parent":0,"menu_order":0,"comment_status":"closed","ping_status":"closed","template":"","meta":{"footnotes":""},"class_list":["post-855","page","type-page","status-publish","hentry"],"amp_enabled":true,"_links":{"self":[{"href":"https:\/\/cursomusicabenicassim.eu\/va\/wp-json\/wp\/v2\/pages\/855","targetHints":{"allow":["GET"]}}],"collection":[{"href":"https:\/\/cursomusicabenicassim.eu\/va\/wp-json\/wp\/v2\/pages"}],"about":[{"href":"https:\/\/cursomusicabenicassim.eu\/va\/wp-json\/wp\/v2\/types\/page"}],"author":[{"embeddable":true,"href":"https:\/\/cursomusicabenicassim.eu\/va\/wp-json\/wp\/v2\/users\/3"}],"replies":[{"embeddable":true,"href":"https:\/\/cursomusicabenicassim.eu\/va\/wp-json\/wp\/v2\/comments?post=855"}],"version-history":[{"count":2,"href":"https:\/\/cursomusicabenicassim.eu\/va\/wp-json\/wp\/v2\/pages\/855\/revisions"}],"predecessor-version":[{"id":1002,"href":"https:\/\/cursomusicabenicassim.eu\/va\/wp-json\/wp\/v2\/pages\/855\/revisions\/1002"}],"wp:attachment":[{"href":"https:\/\/cursomusicabenicassim.eu\/va\/wp-json\/wp\/v2\/media?parent=855"}],"curies":[{"name":"wp","href":"https:\/\/api.w.org\/{rel}","templated":true}]}}