{"id":86,"date":"2022-03-01T18:06:00","date_gmt":"2022-03-01T18:06:00","guid":{"rendered":"https:\/\/cursomusicabenicassim.eu\/?page_id=86"},"modified":"2026-01-24T05:44:26","modified_gmt":"2026-01-24T05:44:26","slug":"programacion","status":"publish","type":"page","link":"https:\/\/cursomusicabenicassim.eu\/va\/programacion\/","title":{"rendered":"Programaci\u00f3"},"content":{"rendered":"\r\n\r\n<hr class=\"wp-block-separator\" \/>\r\n\r\n\r\n\r\n\r\n<div class=\"wp-block-group\"><div class=\"wp-block-group__inner-container is-layout-flow wp-block-group-is-layout-flow\">\r\n\r\n\r\n<h2 class=\"wp-block-heading\" style=\"font-style: normal; font-weight: 400; text-transform: lowercase;\"><strong>9 d&#8217;agost<\/strong><\/h2>\r\n\r\n\r\n<\/div><\/div>\r\n\r\n\r\n\r\n<div class=\"wp-block-columns is-layout-flex wp-container-core-columns-is-layout-9d6595d7 wp-block-columns-is-layout-flex\">\r\n\r\n\r\n<div class=\"wp-block-column is-layout-flow wp-block-column-is-layout-flow\" style=\"flex-basis: 100%;\">\r\n\r\n\r\n<figure class=\"wp-block-table is-style-stripes\" style=\"text-transform: uppercase;\">\r\n<table class=\"has-fixed-layout\">\r\n<tbody>\r\n<tr>\r\n<td>entre les 11:00 i les 12:30<\/td>\r\n<td>Arribada i recepci\u00f3 De L&#8217;alumnat<\/td>\r\n<\/tr>\r\n<tr>\r\n<td>13:00<\/td>\r\n<td>Presentaci\u00f3 del curs a l&#8217;alumnat i fam\u00edlies a l&#8217;Alberg<\/td>\r\n<\/tr>\r\n<tr>\r\n<td>14:00<\/td>\r\n<td>Repartiment d&#8217;habitacions<\/td>\r\n<\/tr>\r\n<tr>\r\n<td>14:30<\/td>\r\n<td>dinar<\/td>\r\n<\/tr>\r\n<tr>\r\n<td>15:30<\/td>\r\n<td>presentaci\u00f3 dels alumnes i Activitats&nbsp;<\/td>\r\n<\/tr>\r\n<tr>\r\n<td>17:00 fins a les 20.00<\/td>\r\n<td>classes amb les orquestres i grups de cambra.&nbsp;<\/td>\r\n<\/tr>\r\n<tr>\r\n<td>20:30<\/td>\r\n<td>sopar<\/td>\r\n<\/tr>\r\n<tr>\r\n<td>21:30<\/td>\r\n<td>passeig per la platja de Benic\u00e0ssim i coneixen\u00e7a de l&#8217;entorn&nbsp;<\/td>\r\n<\/tr>\r\n<\/tbody>\r\n<\/table>\r\n<\/figure>\r\n\r\n\r\n\r\n<h2 class=\"wp-block-heading\" style=\"font-style: normal; font-weight: 400; text-transform: lowercase;\"><strong>10 \u2013 15 d&#8217;agost<\/strong><\/h2>\r\n\r\n\r\n\r\n<figure class=\"wp-block-table is-style-stripes\" style=\"text-transform: uppercase;\">\r\n<table class=\"has-fixed-layout\">\r\n<tbody>\r\n<tr>\r\n<td>8:30<\/td>\r\n<td>desdejuni<\/td>\r\n<\/tr>\r\n<tr>\r\n<td>9:30<\/td>\r\n<td>classe col\u00b7lectiva amb el vostre professor o professora d&#8217;instrument&nbsp;<\/td>\r\n<\/tr>\r\n<tr>\r\n<td>10:15 \u2013 14:00<\/td>\r\n<td>classes individuals \/ estudi personal \/ observaci\u00f3 de classes<\/td>\r\n<\/tr>\r\n<tr>\r\n<td>13:00<\/td>\r\n<td>piscina \/ platja (sempre acompanyats per l&#8217;equip de l&#8217;organitzaci\u00f3 del curs)&nbsp;<\/td>\r\n<\/tr>\r\n<tr>\r\n<td>14:30<\/td>\r\n<td>dinar<\/td>\r\n<\/tr>\r\n<tr>\r\n<td>16:30 \u2013 20:00<\/td>\r\n<td>classes d&#8217;orquestra i grups de cambra<\/td>\r\n<\/tr>\r\n<tr>\r\n<td>20:30<\/td>\r\n<td>sopar<\/td>\r\n<\/tr>\r\n<tr>\r\n<td>21:30<\/td>\r\n<td>sortida cap a l&#8217;Espai de la M\u00fasica Mestre Vila per als concerts<\/td>\r\n<\/tr>\r\n<tr>\r\n<td>22:30<\/td>\r\n<td>Concert<\/td>\r\n<\/tr>\r\n<tr>\r\n<td>00:00<\/td>\r\n<td>Tornada a l&#8217;alberg<\/td>\r\n<\/tr>\r\n<\/tbody>\r\n<\/table>\r\n<\/figure>\r\n\r\n\r\n\r\n<h2 class=\"wp-block-heading\" style=\"font-style: normal; font-weight: 400;\"><strong>16 d&#8217;agost<\/strong><\/h2>\r\n\r\n\r\n\r\n<figure class=\"wp-block-table is-style-stripes\" style=\"text-transform: uppercase;\">\r\n<table class=\"has-fixed-layout\">\r\n<tbody>\r\n<tr>\r\n<td>8:30<\/td>\r\n<td>desdejuni<\/td>\r\n<\/tr>\r\n<tr>\r\n<td>9:30<\/td>\r\n<td>fer maletes i recollir les habitacions<\/td>\r\n<\/tr>\r\n<tr>\r\n<td>10:30<\/td>\r\n<td>Entrega de diplomes i clausura del curs<\/td>\r\n<\/tr>\r\n<tr>\r\n<td>a partir de les 11:30<\/td>\r\n<td>Sortida de l&#8217;alberg<\/td>\r\n<\/tr>\r\n<\/tbody>\r\n<\/table>\r\n<\/figure>\r\n\r\n\r\n<\/div>\r\n\r\n\r\n<\/div>\r\n\r\n\r\n\r\n<h2 class=\"wp-block-heading\">&nbsp;<\/h2>\r\n\r\n\r\n\r\n<p class=\"has-text-align-left\">L&#8217;allotjament, dinars, sopars i les classes es faran en les instal\u00b7lacions de l&#8217;Alberg Argentina.<\/p>\r\n\r\n\r\n\r\n<p class=\"has-text-align-left\">Els concerts del Festival de M\u00fasica de Cambra \u201cCordes a la Mar\u201d seran a l&#8217;Espai de la M\u00fasica Mestre Vila de Benic\u00e0ssim.<\/p>\r\n","protected":false},"excerpt":{"rendered":"<p>9 d&#8217;agost entre les 11:00 i les 12:30 Arribada i recepci\u00f3 De L&#8217;alumnat 13:00 Presentaci\u00f3 del curs a l&#8217;alumnat i fam\u00edlies a l&#8217;Alberg 14:00 Repartiment d&#8217;habitacions 14:30 dinar 15:30 presentaci\u00f3 dels alumnes i Activitats&nbsp; 17:00 fins a les 20.00 classes amb les orquestres i grups de cambra.&nbsp; 20:30 sopar 21:30 passeig per la platja de [&hellip;]<\/p>\n","protected":false},"author":2,"featured_media":0,"parent":0,"menu_order":3,"comment_status":"closed","ping_status":"closed","template":"","meta":{"footnotes":""},"class_list":["post-86","page","type-page","status-publish","hentry"],"amp_enabled":true,"_links":{"self":[{"href":"https:\/\/cursomusicabenicassim.eu\/va\/wp-json\/wp\/v2\/pages\/86","targetHints":{"allow":["GET"]}}],"collection":[{"href":"https:\/\/cursomusicabenicassim.eu\/va\/wp-json\/wp\/v2\/pages"}],"about":[{"href":"https:\/\/cursomusicabenicassim.eu\/va\/wp-json\/wp\/v2\/types\/page"}],"author":[{"embeddable":true,"href":"https:\/\/cursomusicabenicassim.eu\/va\/wp-json\/wp\/v2\/users\/2"}],"replies":[{"embeddable":true,"href":"https:\/\/cursomusicabenicassim.eu\/va\/wp-json\/wp\/v2\/comments?post=86"}],"version-history":[{"count":43,"href":"https:\/\/cursomusicabenicassim.eu\/va\/wp-json\/wp\/v2\/pages\/86\/revisions"}],"predecessor-version":[{"id":1210,"href":"https:\/\/cursomusicabenicassim.eu\/va\/wp-json\/wp\/v2\/pages\/86\/revisions\/1210"}],"wp:attachment":[{"href":"https:\/\/cursomusicabenicassim.eu\/va\/wp-json\/wp\/v2\/media?parent=86"}],"curies":[{"name":"wp","href":"https:\/\/api.w.org\/{rel}","templated":true}]}}